{"id":6476,"date":"2022-09-27T11:00:31","date_gmt":"2022-09-27T09:00:31","guid":{"rendered":"https:\/\/seobest.de\/demo20\/?page_id=6476"},"modified":"2025-07-02T15:54:16","modified_gmt":"2025-07-02T13:54:16","slug":"privacy-policy","status":"publish","type":"page","link":"https:\/\/pamacon.com\/en\/?page_id=6476","title":{"rendered":"Privacy Policy"},"content":{"rendered":"\n<div style=\"height:40px\" aria-hidden=\"true\" class=\"wp-block-spacer\"><\/div>\n\n\n\n<h3 class=\"wp-block-heading\"><strong><br>Kontaktadresse:<\/strong><\/h3>\n\n\n\n<p><strong>Pamacon AG<br><\/strong>Riedhofstrasse 65<br>8408 Winterthur<br>Schweiz<\/p>\n\n\n\n<h4 class=\"wp-block-heading\">Vertretungsberechtigte Personen<\/h4>\n\n\n\n<p>Michael Weber<\/p>\n\n\n\n<h4 class=\"wp-block-heading\">Handelsregistereintrag<\/h4>\n\n\n\n<p>Eingetragener Firmenname: Pamacon AG<\/p>\n\n\n\n<p>Nummer: CHE-109.041.690<\/p>\n\n\n\n<h4 class=\"wp-block-heading\">Mehrwehrtsteuernummer<\/h4>\n\n\n\n<p>Nummer: CHE-109.041.690<\/p>\n\n\n\n<h4 class=\"wp-block-heading\">Haftungsausschluss<\/h4>\n\n\n\n<p>Der Autor \u00fcbernimmt keinerlei Gew\u00e4hr hinsichtlich der inhaltlichen Richtigkeit, Genauigkeit, Aktualit\u00e4t, Zuverl\u00e4ssigkeit und Vollst\u00e4ndigkeit der Informationen. Haftungsanspr\u00fcche gegen den Autor wegen Sch\u00e4den materieller oder immaterieller Art, welche aus dem Zugriff oder der Nutzung bzw. Nichtnutzung der ver\u00f6ffentlichten Informationen, durch Missbrauch der Verbindung oder durch technische St\u00f6rungen entstanden sind, werden ausgeschlossen.<br>Alle Angebote sind unverbindlich. Der Autor beh\u00e4lt es sich ausdr\u00fccklich vor, Teile der Seiten oder das gesamte Angebot ohne gesonderte Ank\u00fcndigung zu ver\u00e4ndern, zu erg\u00e4nzen, zu l\u00f6schen oder die Ver\u00f6ffentlichung zeitweise oder endg\u00fcltig einzustellen.<\/p>\n\n\n\n<h4 class=\"wp-block-heading\">Haftung f\u00fcr Links<\/h4>\n\n\n\n<p>Verweise und Links auf Webseiten Dritter liegen ausserhalb unseres Verantwortungsbereichs Es wird jegliche Verantwortung f\u00fcr solche Webseiten abgelehnt. Der Zugriff und die Nutzung solcher Webseiten erfolgen auf eigene Gefahr des Nutzers oder der Nutzerin.<\/p>\n\n\n\n<h4 class=\"wp-block-heading\">Urheberrechte<\/h4>\n\n\n\n<p>Die Urheber- und alle anderen Rechte an Inhalten, Bildern, Fotos oder anderen Dateien auf der Website geh\u00f6ren ausschliesslich der Firma Pamacon AG oder den speziell genannten Rechtsinhabern. F\u00fcr die Reproduktion jeglicher Elemente ist die schriftliche Zustimmung der Urheberrechtstr\u00e4ger im Voraus einzuholen.<\/p>\n\n\n\n<h4 class=\"wp-block-heading\">Datenschutz<\/h4>\n\n\n\n<p>Gest\u00fctzt auf Artikel 13 der schweizerischen Bundesverfassung und die datenschutzrechtlichen Bestimmungen des Bundes (Datenschutzgesetz, DSG) hat jede Person Anspruch auf Schutz ihrer Privatsph\u00e4re sowie auf Schutz vor Missbrauch ihrer pers\u00f6nlichen Daten. Wir halten diese Bestimmungen ein. Pers\u00f6nliche Daten werden streng vertraulich behandelt und weder an Dritte verkauft noch weiter gegeben.<\/p>\n\n\n\n<p>In enger Zusammenarbeit mit unseren Hosting-Providern bem\u00fchen wir uns, die Datenbanken so gut wie m\u00f6glich vor fremden Zugriffen, Verlusten, Missbrauch oder vor F\u00e4lschung zu sch\u00fctzen.<\/p>\n\n\n\n<p>Beim Zugriff auf unsere Webseiten werden folgende Daten in Logfiles gespeichert: IP-Adresse, Datum, Uhrzeit, Browser-Anfrage und allg. \u00fcbertragene Informationen zum Betriebssystem resp. Browser. Diese Nutzungsdaten bilden die Basis f\u00fcr statistische, anonyme Auswertungen, so dass Trends erkennbar sind, anhand derer wir unsere Angebote entsprechend verbessern k\u00f6nnen.<\/p>\n","protected":false},"excerpt":{"rendered":"<p>Kontaktadresse: Pamacon AGRiedhofstrasse 658408 WinterthurSchweiz Vertretungsberechtigte Personen Michael Weber Handelsregistereintrag Eingetragener Firmenname: Pamacon AG Nummer: CHE-109.041.690 Mehrwehrtsteuernummer Nummer: CHE-109.041.690 Haftungsausschluss Der Autor \u00fcbernimmt keinerlei Gew\u00e4hr hinsichtlich der inhaltlichen Richtigkeit, Genauigkeit, &#8230;<\/p>\n","protected":false},"author":1,"featured_media":11142,"parent":0,"menu_order":0,"comment_status":"closed","ping_status":"closed","template":"","meta":{"_coblocks_attr":"","_coblocks_dimensions":"","_coblocks_responsive_height":"","_coblocks_accordion_ie_support":"","footnotes":""},"class_list":["post-6476","page","type-page","status-publish","has-post-thumbnail","hentry"],"yoast_head":"<!-- This site is optimized with the Yoast SEO plugin v25.4 - https:\/\/yoast.com\/wordpress\/plugins\/seo\/ -->\r\n<title>Privacy Policy - Pamacon AG<\/title>\r\n<meta name=\"robots\" content=\"index, follow, max-snippet:-1, max-image-preview:large, max-video-preview:-1\" \/>\r\n<link rel=\"canonical\" href=\"https:\/\/pamacon.com\/en\/?page_id=6476\" \/>\r\n<meta property=\"og:locale\" content=\"de_DE\" \/>\r\n<meta property=\"og:type\" content=\"article\" \/>\r\n<meta property=\"og:title\" content=\"Privacy Policy - Pamacon AG\" \/>\r\n<meta property=\"og:description\" content=\"Kontaktadresse: Pamacon AGRiedhofstrasse 658408 WinterthurSchweiz Vertretungsberechtigte Personen Michael Weber Handelsregistereintrag Eingetragener Firmenname: Pamacon AG Nummer: CHE-109.041.690 Mehrwehrtsteuernummer Nummer: CHE-109.041.690 Haftungsausschluss Der Autor \u00fcbernimmt keinerlei Gew\u00e4hr hinsichtlich der inhaltlichen Richtigkeit, Genauigkeit, ...\" \/>\r\n<meta property=\"og:url\" content=\"https:\/\/pamacon.com\/en\/?page_id=6476\" \/>\r\n<meta property=\"og:site_name\" content=\"Pamacon AG\" \/>\r\n<meta property=\"article:modified_time\" content=\"2025-07-02T13:54:16+00:00\" \/>\r\n<meta property=\"og:image\" content=\"https:\/\/pamacon.com\/en\/wp-content\/uploads\/2025\/05\/upscaled_robotronik_background.png\" \/>\r\n\t<meta property=\"og:image:width\" content=\"2070\" \/>\r\n\t<meta property=\"og:image:height\" content=\"1358\" \/>\r\n\t<meta property=\"og:image:type\" content=\"image\/png\" \/>\r\n<meta name=\"twitter:card\" content=\"summary_large_image\" \/>\r\n<meta name=\"twitter:label1\" content=\"Gesch\u00e4tzte Lesezeit\" \/>\n\t<meta name=\"twitter:data1\" content=\"2\u00a0Minuten\" \/>\r\n<script type=\"application\/ld+json\" class=\"yoast-schema-graph\">{\"@context\":\"https:\/\/schema.org\",\"@graph\":[{\"@type\":\"WebPage\",\"@id\":\"https:\/\/pamacon.com\/en\/?page_id=6476\",\"url\":\"https:\/\/pamacon.com\/en\/?page_id=6476\",\"name\":\"Privacy Policy - Pamacon AG\",\"isPartOf\":{\"@id\":\"#website\"},\"primaryImageOfPage\":{\"@id\":\"https:\/\/pamacon.com\/en\/?page_id=6476#primaryimage\"},\"image\":{\"@id\":\"https:\/\/pamacon.com\/en\/?page_id=6476#primaryimage\"},\"thumbnailUrl\":\"https:\/\/pamacon.com\/en\/wp-content\/uploads\/2025\/05\/upscaled_robotronik_background.png\",\"datePublished\":\"2022-09-27T09:00:31+00:00\",\"dateModified\":\"2025-07-02T13:54:16+00:00\",\"breadcrumb\":{\"@id\":\"https:\/\/pamacon.com\/en\/?page_id=6476#breadcrumb\"},\"inLanguage\":\"de\",\"potentialAction\":[{\"@type\":\"ReadAction\",\"target\":[\"https:\/\/pamacon.com\/en\/?page_id=6476\"]}]},{\"@type\":\"ImageObject\",\"inLanguage\":\"de\",\"@id\":\"https:\/\/pamacon.com\/en\/?page_id=6476#primaryimage\",\"url\":\"https:\/\/pamacon.com\/en\/wp-content\/uploads\/2025\/05\/upscaled_robotronik_background.png\",\"contentUrl\":\"https:\/\/pamacon.com\/en\/wp-content\/uploads\/2025\/05\/upscaled_robotronik_background.png\",\"width\":2070,\"height\":1358,\"caption\":\"Pamacon develops Next-Gen Solutions\"},{\"@type\":\"BreadcrumbList\",\"@id\":\"https:\/\/pamacon.com\/en\/?page_id=6476#breadcrumb\",\"itemListElement\":[{\"@type\":\"ListItem\",\"position\":1,\"name\":\"Home\",\"item\":\"https:\/\/pamacon.com\/en\/\"},{\"@type\":\"ListItem\",\"position\":2,\"name\":\"Privacy Policy\"}]},{\"@type\":\"WebSite\",\"@id\":\"#website\",\"url\":null,\"name\":\"Mustermann GmbH\",\"description\":\"Next-Gen Robotic Solutions\",\"publisher\":{\"@id\":\"#organization\"},\"potentialAction\":[{\"@type\":\"SearchAction\",\"target\":{\"@type\":\"EntryPoint\",\"urlTemplate\":\"?s={search_term_string}\"},\"query-input\":{\"@type\":\"PropertyValueSpecification\",\"valueRequired\":true,\"valueName\":\"search_term_string\"}}],\"inLanguage\":\"de\"},{\"@type\":\"Organization\",\"@id\":\"#organization\",\"name\":\"Mustermann GmbH\",\"url\":null,\"logo\":{\"@type\":\"ImageObject\",\"inLanguage\":\"de\",\"@id\":\"#\/schema\/logo\/image\/\",\"url\":\"https:\/\/pamacon.com\/en\/wp-content\/uploads\/2025\/06\/Pamacon-Logo-scaled.png\",\"contentUrl\":\"https:\/\/pamacon.com\/en\/wp-content\/uploads\/2025\/06\/Pamacon-Logo-scaled.png\",\"width\":2560,\"height\":1525,\"caption\":\"Mustermann GmbH\"},\"image\":{\"@id\":\"#\/schema\/logo\/image\/\"}}]}<\/script>\r\n<!-- \/ Yoast SEO plugin. -->","yoast_head_json":{"title":"Privacy Policy - Pamacon AG","robots":{"index":"index","follow":"follow","max-snippet":"max-snippet:-1","max-image-preview":"max-image-preview:large","max-video-preview":"max-video-preview:-1"},"canonical":"https:\/\/pamacon.com\/en\/?page_id=6476","og_locale":"de_DE","og_type":"article","og_title":"Privacy Policy - Pamacon AG","og_description":"Kontaktadresse: Pamacon AGRiedhofstrasse 658408 WinterthurSchweiz Vertretungsberechtigte Personen Michael Weber Handelsregistereintrag Eingetragener Firmenname: Pamacon AG Nummer: CHE-109.041.690 Mehrwehrtsteuernummer Nummer: CHE-109.041.690 Haftungsausschluss Der Autor \u00fcbernimmt keinerlei Gew\u00e4hr hinsichtlich der inhaltlichen Richtigkeit, Genauigkeit, ...","og_url":"https:\/\/pamacon.com\/en\/?page_id=6476","og_site_name":"Pamacon AG","article_modified_time":"2025-07-02T13:54:16+00:00","og_image":[{"width":2070,"height":1358,"url":"https:\/\/pamacon.com\/en\/wp-content\/uploads\/2025\/05\/upscaled_robotronik_background.png","type":"image\/png"}],"twitter_card":"summary_large_image","twitter_misc":{"Gesch\u00e4tzte Lesezeit":"2\u00a0Minuten"},"schema":{"@context":"https:\/\/schema.org","@graph":[{"@type":"WebPage","@id":"https:\/\/pamacon.com\/en\/?page_id=6476","url":"https:\/\/pamacon.com\/en\/?page_id=6476","name":"Privacy Policy - Pamacon AG","isPartOf":{"@id":"#website"},"primaryImageOfPage":{"@id":"https:\/\/pamacon.com\/en\/?page_id=6476#primaryimage"},"image":{"@id":"https:\/\/pamacon.com\/en\/?page_id=6476#primaryimage"},"thumbnailUrl":"https:\/\/pamacon.com\/en\/wp-content\/uploads\/2025\/05\/upscaled_robotronik_background.png","datePublished":"2022-09-27T09:00:31+00:00","dateModified":"2025-07-02T13:54:16+00:00","breadcrumb":{"@id":"https:\/\/pamacon.com\/en\/?page_id=6476#breadcrumb"},"inLanguage":"de","potentialAction":[{"@type":"ReadAction","target":["https:\/\/pamacon.com\/en\/?page_id=6476"]}]},{"@type":"ImageObject","inLanguage":"de","@id":"https:\/\/pamacon.com\/en\/?page_id=6476#primaryimage","url":"https:\/\/pamacon.com\/en\/wp-content\/uploads\/2025\/05\/upscaled_robotronik_background.png","contentUrl":"https:\/\/pamacon.com\/en\/wp-content\/uploads\/2025\/05\/upscaled_robotronik_background.png","width":2070,"height":1358,"caption":"Pamacon develops Next-Gen Solutions"},{"@type":"BreadcrumbList","@id":"https:\/\/pamacon.com\/en\/?page_id=6476#breadcrumb","itemListElement":[{"@type":"ListItem","position":1,"name":"Home","item":"https:\/\/pamacon.com\/en\/"},{"@type":"ListItem","position":2,"name":"Privacy Policy"}]},{"@type":"WebSite","@id":"#website","url":null,"name":"Mustermann GmbH","description":"Next-Gen Robotic Solutions","publisher":{"@id":"#organization"},"potentialAction":[{"@type":"SearchAction","target":{"@type":"EntryPoint","urlTemplate":"?s={search_term_string}"},"query-input":{"@type":"PropertyValueSpecification","valueRequired":true,"valueName":"search_term_string"}}],"inLanguage":"de"},{"@type":"Organization","@id":"#organization","name":"Mustermann GmbH","url":null,"logo":{"@type":"ImageObject","inLanguage":"de","@id":"#\/schema\/logo\/image\/","url":"https:\/\/pamacon.com\/en\/wp-content\/uploads\/2025\/06\/Pamacon-Logo-scaled.png","contentUrl":"https:\/\/pamacon.com\/en\/wp-content\/uploads\/2025\/06\/Pamacon-Logo-scaled.png","width":2560,"height":1525,"caption":"Mustermann GmbH"},"image":{"@id":"#\/schema\/logo\/image\/"}}]}},"_links":{"self":[{"href":"https:\/\/pamacon.com\/en\/index.php?rest_route=\/wp\/v2\/pages\/6476","targetHints":{"allow":["GET"]}}],"collection":[{"href":"https:\/\/pamacon.com\/en\/index.php?rest_route=\/wp\/v2\/pages"}],"about":[{"href":"https:\/\/pamacon.com\/en\/index.php?rest_route=\/wp\/v2\/types\/page"}],"author":[{"embeddable":true,"href":"https:\/\/pamacon.com\/en\/index.php?rest_route=\/wp\/v2\/users\/1"}],"replies":[{"embeddable":true,"href":"https:\/\/pamacon.com\/en\/index.php?rest_route=%2Fwp%2Fv2%2Fcomments&post=6476"}],"version-history":[{"count":28,"href":"https:\/\/pamacon.com\/en\/index.php?rest_route=\/wp\/v2\/pages\/6476\/revisions"}],"predecessor-version":[{"id":11272,"href":"https:\/\/pamacon.com\/en\/index.php?rest_route=\/wp\/v2\/pages\/6476\/revisions\/11272"}],"wp:featuredmedia":[{"embeddable":true,"href":"https:\/\/pamacon.com\/en\/index.php?rest_route=\/wp\/v2\/media\/11142"}],"wp:attachment":[{"href":"https:\/\/pamacon.com\/en\/index.php?rest_route=%2Fwp%2Fv2%2Fmedia&parent=6476"}],"curies":[{"name":"wp","href":"https:\/\/api.w.org\/{rel}","templated":true}]}}